{"id":75,"date":"2017-01-12T12:27:52","date_gmt":"2017-01-12T11:27:52","guid":{"rendered":"http:\/\/eula.kollektiv-nuernberg.de\/?page_id=75"},"modified":"2019-03-23T19:58:20","modified_gmt":"2019-03-23T19:58:20","slug":"industrie-4-0-2","status":"publish","type":"page","link":"https:\/\/www.eulait.de\/pb\/industrie-4-0-2","title":{"rendered":"Ind\u00fastria 4.0"},"content":{"rendered":"<p>[vc_row bg_image_repeat=&#8221;cover&#8221; el_class=&#8221;eula-title-section &#8221; bg_images=&#8221;247&#8243;][vc_column][vc_column_text]<\/p>\n<h1 style=\"text-align: center;\">Ind\u00fastria 4.0<\/h1>\n<h5 style=\"text-align: center;\">Internet of Things (IoT &#8211; Internet das coisas) necessita de comunica\u00e7\u00e3o. Sem um respectivo meio de comunica\u00e7\u00e3o eficiente, as coisas permanecem simplesmente coisas.<\/h5>\n<p>[\/vc_column_text][\/vc_column][\/vc_row][vc_row content_placement=&#8221;middle&#8221;][vc_column][vc_column_text]<\/p>\n<h2 dir=\"ltr\">Quais redes a comunica\u00e7\u00e3o da IoT precisa?<\/h2>\n<p>Os requisitos para solu\u00e7\u00f5es de comunica\u00e7\u00f5es no setor de IoT s\u00e3o altamente dependentes do cen\u00e1rio de aplica\u00e7\u00e3o. De modo geral, deve-se, primeiramente, distinguir entre tr\u00eas diferentes cen\u00e1rios:<\/p>\n<ul>\n<li>O fornecimento de energia e a conex\u00e3o de dados est\u00e3o dispon\u00edveis atrav\u00e9s de liga\u00e7\u00e3o direta por cabo.<\/li>\n<li>O fornecimento de energia pode ser garantido atrav\u00e9s de um cabo &#8211; a liga\u00e7\u00e3o de dados precisa ser estabelecida atrav\u00e9s de ondas de r\u00e1dio.<\/li>\n<li>N\u00e3o h\u00e1 com efetuar o cabeamento: um fornecimento aut\u00f4nomo de energia e uma tecnologia de comunica\u00e7\u00e3o sem fios s\u00e3o necess\u00e1rios.<\/li>\n<\/ul>\n<p>O terceiro cen\u00e1rio (fornecimento aut\u00f4nomo de energia e de comunica\u00e7\u00e3o sem fio) imp\u00f5e, sem d\u00favida, as mais altas exig\u00eancias, mas tamb\u00e9m oferece a maior chance para se conectar coisas e permite, atrav\u00e9s da an\u00e1lise e avalia\u00e7\u00e3o dos dados, novas otimiza\u00e7\u00f5es e novos modelos de neg\u00f3cios baseados nesses dados.<\/p>\n<p>Low Power Wide Area Networks (<a href=\"https:\/\/en.wikipedia.org\/wiki\/LPWAN\" target=\"_blank\">LPWAN<\/a>) s\u00e3o denominadas as redes que, em breve, permitir\u00e3o milh\u00f5es, ou at\u00e9 mesmo bilh\u00f5es de dispositivos se comuniquem uns com os outros, com sistemas de n\u00edvel superior ou com a \u201cCloud\u201d (nuvem).[\/vc_column_text][\/vc_column][\/vc_row][vc_row][vc_column width=&#8221;1\/2&#8243;][vc_single_image image=&#8221;245&#8243; img_size=&#8221;full&#8221;][\/vc_column][vc_column width=&#8221;1\/2&#8243;][vc_column_text]<\/p>\n<ul>\n<li>\n<h2 dir=\"ltr\">Low Power Wide Area Networks<\/h2>\n<p>Atualmente existem uma grande variedade de op\u00e7\u00f5es t\u00e9cnicas sobre como os equipamentos da &#8220;Internet das coisas&#8221; podem trocar informa\u00e7\u00f5es.<\/p>\n<p>Nesse momento, <a href=\"https:\/\/www.lora-alliance.org\/\" target=\"_blank\">LoRa<\/a> e <a href=\"https:\/\/www.sigfox.com\/\" target=\"_blank\">Sigfox<\/a> t\u00eam recebido a maior aten\u00e7\u00e3o, entretanto, a corrida em torno da LPWAN ainda est\u00e1 Longe de ser\u00a0decidida. H\u00e1 um grande n\u00famero de concorrentes, alguns j\u00e1 possuem uma base instalada de v\u00e1rios milh\u00f5es de dispositivos:<\/p>\n<ul>\n<li><a href=\"http:\/\/www.ingenu.com\/\" target=\"_blank\">Ingenu<\/a> (rede conhecida anteriormente como &#8220;On-Ramp&#8221;)<\/li>\n<li><a href=\"http:\/\/www.silverspringnet.com\/article\/silver-spring-networks-introduces-starfish-international-wireless-ipv6-network-service-for-the-internet-of-things\/\" target=\"_blank\">Starfish<\/a> da SilverSpring<\/li>\n<li>Cyan&#8217;s <a href=\"http:\/\/www.cyantechnology.com\/cynet\/\" target=\"_blank\">Cynet<\/a><\/li>\n<li><a href=\"http:\/\/www.accellus.net\/\" target=\"_blank\">Accellus<\/a><\/li>\n<li><a href=\"http:\/\/www.telensa.com\/\" target=\"_blank\">Telenesa<\/a><\/li>\n<li><a href=\"http:\/\/www.nwave.io\/\" target=\"_blank\">nwave<\/a><\/li>\n<li><a href=\"http:\/\/waviot.com\/\" target=\"_blank\">Waviot<\/a><\/li>\n<\/ul>\n<\/li>\n<\/ul>\n<p>[\/vc_column_text][\/vc_column][\/vc_row][vc_row el_class=&#8221;yellow&#8221;][vc_column][vc_row_inner content_placement=&#8221;middle&#8221;][vc_column_inner width=&#8221;2\/3&#8243;][vc_column_text]<\/p>\n<div class=\"col-md-8 column\">\n<div>\n<h2 dir=\"ltr\">Que tecnologia eu preciso?<\/h2>\n<p>Atualmente existem muitos fornecedores diferentes, com diversos produtos, protocolos, redes e interfaces. Nesse momento, ningu\u00e9m pode estimar de forma s\u00e9ria, qual padr\u00e3o ir\u00e1 prevalecer.<\/p>\n<p>Como <strong>especialistas em integra\u00e7\u00e3o independentes de fornecedor<\/strong>, oferecemos experi\u00eancia abrangente para implementa\u00e7\u00e3o \u201cend-to-end\u201d e podemos apoi\u00e1-lo desde a estrat\u00e9gia at\u00e9 o \u201cgo-live\u201d.<\/p>\n<\/div>\n<\/div>\n<div class=\"col-md-4 column\"><\/div>\n<p>[\/vc_column_text][\/vc_column_inner][vc_column_inner width=&#8221;1\/3&#8243;][vc_single_image image=&#8221;242&#8243; img_size=&#8221;full&#8221;][\/vc_column_inner][\/vc_row_inner][\/vc_column][\/vc_row][vc_row][vc_column][vc_column_text]<\/p>\n<h2 dir=\"ltr\">MIOTY (Fraunhofer IIS)<\/h2>\n<ul>\n<li>Atrav\u00e9s da codifica\u00e7\u00e3o eficiente de canais, MIOTY aumenta o raio de a\u00e7\u00e3o at\u00e9 um fator de 10 (at\u00e9 40 km) em compara\u00e7\u00e3o com sistemas de r\u00e1dio padr\u00e3o na faixa de 868 MHz.<\/li>\n<li>Devido a uma baixa auto-interfer\u00eancia, o sistema suporta at\u00e9 1 milh\u00e3o de transmissores simultaneamente.<\/li>\n<li>O transmissor \u00e9 baseado em microchips comerciais de baixo custo e t\u00eam um tamanho extremamente compacto e bateria de longa dura\u00e7\u00e3o (at\u00e9 15 anos)<\/li>\n<li>Os receptores s\u00e3o equipados com processadores de sinais digitais e, devido a sua concep\u00e7\u00e3o flex\u00edvel, tamb\u00e9m s\u00e3o adapt\u00e1veis a solicita\u00e7\u00f5es especiais dos clientes.<\/li>\n<li>Os transmissires podem ser utilizados de forma estacion\u00e1ria ou em movimento e, al\u00e9m disso, s\u00e3o optimizadas para ambas aplica\u00e7\u00f5es.<\/li>\n<li>Al\u00e9m disso MIOTY \u00e9 resistente a fontes de interfer\u00eancia na banda, tem baixo consumo de energia e economiza bateria.<\/li>\n<\/ul>\n<p>Informa\u00e7\u00f5es adicionais sobre a plataforma IoT sem fio <a title=\"MIOTY\" href=\"http:\/\/www.iis.fraunhofer.de\/en\/ff\/kom\/tech\/drahtlose-kommunikation\/telemetrie.html\" target=\"_blank\">MIOTY<\/a>.<\/p>\n<div class=\"video-wrapper\"><\/div>\n<h2 dir=\"ltr\"><\/h2>\n<p>[\/vc_column_text][vc_video link=&#8221;https:\/\/www.youtube.com\/watch?v=f2mL-J1zFJs&#8221;][\/vc_column][\/vc_row][vc_row][vc_column][vc_column_text]<\/p>\n<h2 dir=\"ltr\">s-net (Fraunhofer IIS)<\/h2>\n<ul>\n<li>Rede de sensores baseada em n\u00f3s de sensores distribu\u00eddos espacialmente, que, independente uns dos outros, e\u00a0&#8211; dependendo da aplica\u00e7\u00e3o &#8211; tamb\u00e9m interagem com a infra-estrutura existente atrav\u00e9s de ondas de r\u00e1dio.<\/li>\n<li>Em contraste com as tecnologias convencionais, tais como RFID, redes de sensores sem fio podem comunicar-se de forma activa e bidirecional e n\u00e3o necessitam ser ativados por um aparelho de leitura.<\/li>\n<li>Protocolo com caracter\u00edsticas flex\u00edveis e customiz\u00e1veis, associado a um consumo de energia extremamente baixo.<\/li>\n<li>Adequado para capta\u00e7\u00e3o ou coleta distribu\u00edda de dados em grandes.<\/li>\n<li>Adequado para a localiza\u00e7\u00e3o de pessoas e objetos.<\/li>\n<\/ul>\n<p>Informa\u00e7\u00f5es adicionais sobre a rede auto organiz\u00e1vel de sensores <a href=\"http:\/\/www.iis.fraunhofer.de\/en\/ff\/kom\/tech\/drahtlose-kommunikation\/sn.html\" target=\"_blank\">s-net<\/a>.<\/p>\n<div class=\"video-wrapper\"><\/div>\n<h2 dir=\"ltr\"><\/h2>\n<p>[\/vc_column_text][vc_video link=&#8221;https:\/\/www.youtube.com\/watch?v=zvNG2YpxxIM&#8221;][\/vc_column][\/vc_row]<\/p>","protected":false},"excerpt":{"rendered":"<p>[vc_row bg_image_repeat=&#8221;cover&#8221; el_class=&#8221;eula-title-section &#8221; bg_images=&#8221;247&#8243;][vc_column][vc_column_text] Ind\u00fastria 4.0 Internet of Things (IoT &#8211; Internet das coisas) necessita de comunica\u00e7\u00e3o. Sem um respectivo meio de comunica\u00e7\u00e3o eficiente, as coisas permanecem simplesmente coisas. [\/vc_column_text][\/vc_column][\/vc_row][vc_row content_placement=&#8221;middle&#8221;][vc_column][vc_column_text] Quais redes a comunica\u00e7\u00e3o da IoT precisa? Os requisitos para solu\u00e7\u00f5es de comunica\u00e7\u00f5es no setor de IoT s\u00e3o altamente dependentes do cen\u00e1rio de&hellip;<\/p>\n","protected":false},"author":1,"featured_media":0,"parent":0,"menu_order":0,"comment_status":"closed","ping_status":"closed","template":"","meta":[],"_links":{"self":[{"href":"https:\/\/www.eulait.de\/pb\/wp-json\/wp\/v2\/pages\/75"}],"collection":[{"href":"https:\/\/www.eulait.de\/pb\/wp-json\/wp\/v2\/pages"}],"about":[{"href":"https:\/\/www.eulait.de\/pb\/wp-json\/wp\/v2\/types\/page"}],"author":[{"embeddable":true,"href":"https:\/\/www.eulait.de\/pb\/wp-json\/wp\/v2\/users\/1"}],"replies":[{"embeddable":true,"href":"https:\/\/www.eulait.de\/pb\/wp-json\/wp\/v2\/comments?post=75"}],"version-history":[{"count":3,"href":"https:\/\/www.eulait.de\/pb\/wp-json\/wp\/v2\/pages\/75\/revisions"}],"predecessor-version":[{"id":305,"href":"https:\/\/www.eulait.de\/pb\/wp-json\/wp\/v2\/pages\/75\/revisions\/305"}],"wp:attachment":[{"href":"https:\/\/www.eulait.de\/pb\/wp-json\/wp\/v2\/media?parent=75"}],"curies":[{"name":"wp","href":"https:\/\/api.w.org\/{rel}","templated":true}]}}