{"id":54,"date":"2017-01-12T11:56:49","date_gmt":"2017-01-12T10:56:49","guid":{"rendered":"http:\/\/eula.kollektiv-nuernberg.de\/?page_id=54"},"modified":"2024-03-28T22:25:29","modified_gmt":"2024-03-28T22:25:29","slug":"picduino","status":"publish","type":"page","link":"https:\/\/www.eulait.de\/pb\/picduino","title":{"rendered":"Pick-by-Light sem cabo"},"content":{"rendered":"<p>[vc_row bg_image_repeat=&#8221;cover&#8221; el_class=&#8221;eula-title-section &#8221; bg_images=&#8221;194&#8243;][vc_column][vc_column_text]<\/p>\n<h1 style=\"text-align: center;\">PicDuinO<sup>\u00ae<\/sup><\/h1>\n<h5 style=\"text-align: center;\">Coleta de pe\u00e7as: a EULA IT apresenta PicDuinO<sup>\u00ae<\/sup> &#8211;\u00a0a solu\u00e7\u00e3o pick-by-light sem cabo<\/h5>\n<p>[\/vc_column_text][\/vc_column][\/vc_row][vc_row content_placement=&#8221;middle&#8221;][vc_column][vc_column_text]<\/p>\n<h2>M\u00f3dulos de sinaliza\u00e7\u00e3o completamente sem fio<\/h2>\n<p>PicDuinO<sup>\u00ae<\/sup> complementa as vantagens dos sistemas pick-by-light convencionais com car\u00e1cter\u00edsticas \u00fanicas, como m\u00f3dulos de sinaliza\u00e7\u00e3o totalmente sem fio e um sensor 3D para confirma\u00e7\u00e3o autom\u00e1tica da coleta. Empresas de log\u00edstica e de manufatura est\u00e3o realizando com esse sistema uma coleta de pe\u00e7as de forma r\u00e1pida, simples e econ\u00f4mica.<\/p>\n<p>Com PicDuinO<sup>\u00ae<\/sup> empresas optam por um sistema pick-by-light que, gra\u00e7as ao modo descomplicado de opera\u00e7\u00e3o, reduz o tempo de coleta de pe\u00e7as e diminui sensivelmente o risco de erros de escolha. LEDs de alta luminesc\u00eancia sinalizam para o trabalhador o correto compartimento para coleta de pe\u00e7as. Uma vez que o sistema pick-by-light n\u00e3o requer nenhuma lista escrita, uma coleta de pe\u00e7as livre de erros vira uma brincadeira de crian\u00e7a, mesmo para pessoas sem conhecimentos lingu\u00edsticos. Mesmo estagi\u00e1rios ou trabalhadores tempor\u00e1rios s\u00e3o capazes, em curto espa\u00e7o de tempo, de coletarem artigos com rapidez e precis\u00e3o.[\/vc_column_text][\/vc_column][\/vc_row][vc_row content_placement=&#8221;middle&#8221; el_class=&#8221;purple&#8221;][vc_column width=&#8221;5\/6&#8243;][vc_column_text]<\/p>\n<blockquote><p>Com o m\u00f3dulo sem fio PicDuinO<sup>\u00ae<\/sup> n\u00f3s fornecemos um componente importante para a implementa\u00e7\u00e3o do conceito de ind\u00fastria 4.0 no setor intralog\u00edstico.<\/p><\/blockquote>\n<p style=\"text-align: center;\">Hans-J\u00fcrgen Hoffmann, Chefe de desenvolvimento de hardware da Eula IT<\/p>\n<p>[\/vc_column_text][\/vc_column][vc_column width=&#8221;1\/6&#8243;][vc_single_image image=&#8221;393&#8243; img_size=&#8221;200&#215;254&#8243;][\/vc_column][\/vc_row][vc_row][vc_column width=&#8221;1\/3&#8243;][vc_single_image image=&#8221;360&#8243; img_size=&#8221;full&#8221;][\/vc_column][vc_column width=&#8221;2\/3&#8243;][vc_column_text]<\/p>\n<h2>M\u00f3dulo de sinaliza\u00e7\u00e3o movido \u00e0 bateria<\/h2>\n<p>Empresas economizam com PicDuinO<sup>\u00ae<\/sup> tempo e dinheiro antes mesmo da primeira utiliza\u00e7\u00e3o: os m\u00f3dulos de sinaliza\u00e7\u00e3o compactos e robustos, operados com pilhas AA NiZn de 1,6 volts, n\u00e3o necessitam de instala\u00e7\u00e3o de cabos, de modo que\u00a0sua instala\u00e7\u00e3o nas prateleiras de armazenamento requer pouco tempo.<br \/>\nDados e informa\u00e7\u00f5es de status s\u00e3o transmitidas via <span style=\"font-size: 15px;\">r\u00e1dio<\/span>\u00a0entre o m\u00f3dulo de sinaliza\u00e7\u00e3o PicDuinO<sup>\u00ae<\/sup> e um mini PC central baseado na plataforma Intel NUC, que \u00e9 extremamente eficiente em termos energ\u00e9ticos.<br \/>\nDentro do alcance de cada mini-PC, cerca de 30 metros, pode ser utilizado um n\u00famero praticamente ilimitado de m\u00f3dulos.<br \/>\nPicDuinO<sup>\u00ae<\/sup> possui um middleware aberto &#8211; isso permite f\u00e1cil conex\u00e3o a sistemas de ERP externos e sistemas de controle de produ\u00e7\u00e3o, tais como MES.[\/vc_column_text][\/vc_column][\/vc_row][vc_row][vc_column width=&#8221;2\/3&#8243;][vc_column_text]<\/p>\n<h2>Sensor 3D para monitoramento automatizado de coleta<\/h2>\n<p>O opcional sensor 3D para confirma\u00e7\u00e3o da coleta, registra automaticamente a retirada de pe\u00e7as atrav\u00e9s do trabalhador respons\u00e1vel. A confirma\u00e7\u00e3o manual da retirada n\u00e3o \u00e9 mais necess\u00e1ria &#8211; isso acelera adicionalmente a coleta de pe\u00e7as. O sensor 3D detecta objectos e movimentos at\u00e9 uma dist\u00e2ncia de mais de quatro metros. O monitoramento autom\u00e1tico da retirada de pe\u00e7as atende em particular cen\u00e1rios de uso com artigos de grande volume e formato. O monitoramento inteligente por sensor 3D reconhece de forma aut\u00f4noma a sobreposi\u00e7\u00e3o de sinais do sensor e, assim, a interfer\u00eancia resultante, filtrando-as.<br \/>\nDesse modo, PicDuinO<sup>\u00ae<\/sup> proporciona tamb\u00e9m um reconhecimento automatizado e altamente confi\u00e1vel de retirada de pe\u00e7as em \u00e1reas de armazenagem e log\u00edstica, que se caracterizam por uma estreita sequ\u00eancia de prateleiras e compacta\u00e7\u00e3o das caixas de armazenagem. Como uma alternativa para o monitoramento 3D de retirada de pe\u00e7as, tamb\u00e9m \u00e9 poss\u00edvel uma confirma\u00e7\u00e3o manual da coleta de produtos por meio de um interruptor indutivo.[\/vc_column_text][\/vc_column][vc_column width=&#8221;1\/3&#8243;][vc_single_image image=&#8221;359&#8243; img_size=&#8221;full&#8221;][\/vc_column][\/vc_row][vc_row][vc_column width=&#8221;1\/3&#8243;][vc_single_image image=&#8221;252&#8243; img_size=&#8221;full&#8221;][\/vc_column][vc_column width=&#8221;2\/3&#8243;][vc_column_text]<\/p>\n<h2>Simples personaliza\u00e7\u00e3o da configura\u00e7\u00e3o<\/h2>\n<p>Usu\u00e1rios do PicDuinO<sup>\u00ae<\/sup> podem parametrizar, de forma f\u00e1cil e flex\u00edvel, atrav\u00e9s de um editor gr\u00e1fico, todas as configura\u00e7\u00f5es do sistema e as mensagens de status e de aviso, adaptando-as \u00e0s suas necessidades individuais. Os m\u00f3dulos de sinaliza\u00e7\u00e3o transmitem automaticamente ao servidor do sistema dados-chave importantes, como o n\u00edvel da bateria ou intensidade do sinal de r\u00e1dio. Esses valores tamb\u00e9m podem ser exibidos no display do m\u00f3dulo. Al\u00e9m disso, os m\u00f3dulos monitoram de forma proactiva a seu correto funcionamento e, em caso de dist\u00farbios, enviam, de forma autonoma, alarmes para a esta\u00e7\u00e3o de controle. Isso evita que falhas no m\u00f3dulo persistam sem serem detectadas e conduzam, assim,\u00a0a erros na coleta de pe\u00e7as.[\/vc_column_text][\/vc_column][\/vc_row][vc_row el_class=&#8221;schraege black&#8221;][vc_column][vc_column_text]Para mais informa\u00e7\u00f5es veja folha de dados:<br \/>\n<a title=\"PicDuinO-Brochure.pdf\" href=\"http:\/\/www.eulait.de\/wp-content\/uploads\/2018\/04\/PicDuinO-Brochure-V1.2.pdf\" target=\"_blank\" rel=\"noopener noreferrer\">PicDuinO<sup>\u00ae<\/sup> folha de dados<\/a><\/p>\n<p><em>PicDuinO<sup>\u00ae<\/sup> \u00e9 uma marca registrada da EULA IT GmbH.<\/em>[\/vc_column_text][\/vc_column][\/vc_row][vc_row full_width=&#8221;stretch_row_content&#8221; parallax=&#8221;true&#8221; bg_image_repeat=&#8221;cover&#8221; css=&#8221;.vc_custom_1489156744157{padding-top: 400px !important;padding-bottom: 400px !important;}&#8221; bg_images=&#8221;199&#8243;][vc_column][\/vc_column][\/vc_row]<\/p>","protected":false},"excerpt":{"rendered":"<p>[vc_row bg_image_repeat=&#8221;cover&#8221; el_class=&#8221;eula-title-section &#8221; bg_images=&#8221;194&#8243;][vc_column][vc_column_text] PicDuinO\u00ae Coleta de pe\u00e7as: a EULA IT apresenta PicDuinO\u00ae &#8211;\u00a0a solu\u00e7\u00e3o pick-by-light sem cabo [\/vc_column_text][\/vc_column][\/vc_row][vc_row content_placement=&#8221;middle&#8221;][vc_column][vc_column_text] M\u00f3dulos de sinaliza\u00e7\u00e3o completamente sem fio PicDuinO\u00ae complementa as vantagens dos sistemas pick-by-light convencionais com car\u00e1cter\u00edsticas \u00fanicas, como m\u00f3dulos de sinaliza\u00e7\u00e3o totalmente sem fio e um sensor 3D para confirma\u00e7\u00e3o autom\u00e1tica da coleta. Empresas&hellip;<\/p>\n","protected":false},"author":1,"featured_media":0,"parent":0,"menu_order":0,"comment_status":"closed","ping_status":"closed","template":"","meta":[],"_links":{"self":[{"href":"https:\/\/www.eulait.de\/pb\/wp-json\/wp\/v2\/pages\/54"}],"collection":[{"href":"https:\/\/www.eulait.de\/pb\/wp-json\/wp\/v2\/pages"}],"about":[{"href":"https:\/\/www.eulait.de\/pb\/wp-json\/wp\/v2\/types\/page"}],"author":[{"embeddable":true,"href":"https:\/\/www.eulait.de\/pb\/wp-json\/wp\/v2\/users\/1"}],"replies":[{"embeddable":true,"href":"https:\/\/www.eulait.de\/pb\/wp-json\/wp\/v2\/comments?post=54"}],"version-history":[{"count":45,"href":"https:\/\/www.eulait.de\/pb\/wp-json\/wp\/v2\/pages\/54\/revisions"}],"predecessor-version":[{"id":487,"href":"https:\/\/www.eulait.de\/pb\/wp-json\/wp\/v2\/pages\/54\/revisions\/487"}],"wp:attachment":[{"href":"https:\/\/www.eulait.de\/pb\/wp-json\/wp\/v2\/media?parent=54"}],"curies":[{"name":"wp","href":"https:\/\/api.w.org\/{rel}","templated":true}]}}