{"id":49,"date":"2017-01-12T11:50:55","date_gmt":"2017-01-12T10:50:55","guid":{"rendered":"http:\/\/eula.kollektiv-nuernberg.de\/?page_id=49"},"modified":"2024-03-08T11:56:11","modified_gmt":"2024-03-08T11:56:11","slug":"standort","status":"publish","type":"page","link":"https:\/\/www.eulait.de\/pb\/standort","title":{"rendered":"Localiza\u00e7\u00e3o"},"content":{"rendered":"<p>[vc_row bg_image_repeat=&#8221;cover&#8221; el_class=&#8221;eula-title-section &#8221; bg_images=&#8221;467&#8243;][vc_column][vc_column_text]<\/p>\n<h1 style=\"text-align: center;\">Localiza\u00e7\u00e3o<\/h1>\n<h5 style=\"text-align: center;\">Erlangen. A cidade da ci\u00eancia.<\/h5>\n<p>[\/vc_column_text][\/vc_column][\/vc_row][vc_row content_placement=&#8221;middle&#8221;][vc_column][vc_column_text]<\/p>\n<h2><span id=\"result_box\" class=\"short_text\" lang=\"pt\">Visite-nos no cora\u00e7\u00e3o de Erlangen<\/span><\/h2>\n<p><span id=\"result_box\" lang=\"pt\">Centralmente localizada, nosso escrit\u00f3rio principal \u00e9 f\u00e1cilmente acess\u00edvel de \u00f4nibus ou trem<\/span>.[\/vc_column_text][\/vc_column][\/vc_row][vc_row][vc_column width=&#8221;2\/3&#8243;][vc_single_image image=&#8221;450&#8243; img_size=&#8221;full&#8221;][\/vc_column][vc_column width=&#8221;1\/3&#8243;][vc_column_text]<strong>EULA IT Gesellschaft f\u00fcr Prozessautomatisierung und Systeml\u00f6sung mbH<\/strong><br \/>\nPaul-Gossen-Str. 75<br \/>\n91052 Erlangen<\/p>\n<p>Telefon (+49) 9131 9111626<br \/>\nE-Mail <a title=\"Kontaktieren Sie uns\" href=\"mailto:info@eulait.de\" target=\"_blank\" rel=\"noopener noreferrer\">info@eulait.de<\/a>[\/vc_column_text][\/vc_column][\/vc_row]<\/p>","protected":false},"excerpt":{"rendered":"<p>[vc_row bg_image_repeat=&#8221;cover&#8221; el_class=&#8221;eula-title-section &#8221; bg_images=&#8221;467&#8243;][vc_column][vc_column_text] Localiza\u00e7\u00e3o Erlangen. A cidade da ci\u00eancia. [\/vc_column_text][\/vc_column][\/vc_row][vc_row content_placement=&#8221;middle&#8221;][vc_column][vc_column_text] Visite-nos no cora\u00e7\u00e3o de Erlangen Centralmente localizada, nosso escrit\u00f3rio principal \u00e9 f\u00e1cilmente acess\u00edvel de \u00f4nibus ou trem.[\/vc_column_text][\/vc_column][\/vc_row][vc_row][vc_column width=&#8221;2\/3&#8243;][vc_single_image image=&#8221;450&#8243; img_size=&#8221;full&#8221;][\/vc_column][vc_column width=&#8221;1\/3&#8243;][vc_column_text]EULA IT Gesellschaft f\u00fcr Prozessautomatisierung und Systeml\u00f6sung mbH Paul-Gossen-Str. 75 91052 Erlangen Telefon (+49) 9131 9111626 E-Mail info@eulait.de[\/vc_column_text][\/vc_column][\/vc_row]<\/p>\n","protected":false},"author":1,"featured_media":0,"parent":0,"menu_order":0,"comment_status":"closed","ping_status":"closed","template":"","meta":[],"_links":{"self":[{"href":"https:\/\/www.eulait.de\/pb\/wp-json\/wp\/v2\/pages\/49"}],"collection":[{"href":"https:\/\/www.eulait.de\/pb\/wp-json\/wp\/v2\/pages"}],"about":[{"href":"https:\/\/www.eulait.de\/pb\/wp-json\/wp\/v2\/types\/page"}],"author":[{"embeddable":true,"href":"https:\/\/www.eulait.de\/pb\/wp-json\/wp\/v2\/users\/1"}],"replies":[{"embeddable":true,"href":"https:\/\/www.eulait.de\/pb\/wp-json\/wp\/v2\/comments?post=49"}],"version-history":[{"count":28,"href":"https:\/\/www.eulait.de\/pb\/wp-json\/wp\/v2\/pages\/49\/revisions"}],"predecessor-version":[{"id":469,"href":"https:\/\/www.eulait.de\/pb\/wp-json\/wp\/v2\/pages\/49\/revisions\/469"}],"wp:attachment":[{"href":"https:\/\/www.eulait.de\/pb\/wp-json\/wp\/v2\/media?parent=49"}],"curies":[{"name":"wp","href":"https:\/\/api.w.org\/{rel}","templated":true}]}}