{"id":40,"date":"2017-01-12T11:41:07","date_gmt":"2017-01-12T10:41:07","guid":{"rendered":"http:\/\/eula.kollektiv-nuernberg.de\/?page_id=40"},"modified":"2021-07-28T08:53:31","modified_gmt":"2021-07-28T08:53:31","slug":"kooperation","status":"publish","type":"page","link":"https:\/\/www.eulait.de\/pb\/kooperation","title":{"rendered":"Parceiros de Coopera\u00e7\u00e3o"},"content":{"rendered":"<p>[vc_row bg_image_repeat=&#8221;cover&#8221; el_class=&#8221;eula-title-section &#8221; bg_images=&#8221;200&#8243;][vc_column][vc_column_text]<\/p>\n<h1 style=\"text-align: center;\">Parceiros de Coopera\u00e7\u00e3o<\/h1>\n<p style=\"text-align: center;\">A nossa coopera\u00e7\u00e3o com parceiros altamente competentes cria sinergias valiosas.<\/p>\n<p>[\/vc_column_text][\/vc_column][\/vc_row][vc_row][vc_column width=&#8221;1\/3&#8243;][vc_single_image image=&#8221;403&#8243; img_size=&#8221;full&#8221; onclick=&#8221;custom_link&#8221; img_link_target=&#8221;_blank&#8221; link=&#8221;https:\/\/space-of-innovation.com\/changing-conventional-digitalisation-systems\/&#8221;][\/vc_column][vc_column width=&#8221;2\/3&#8243;][vc_column_text]<\/p>\n<h2>ESA Business Incubation<\/h2>\n<p>Como uma startup inovadora com foco na ind\u00fastria 4.0, a<strong> EULA IT<\/strong> recebe incentivos da <strong>European Space Agency<\/strong> (ESA) e do <strong>Minist\u00e9rio da Economia da Baviera<\/strong>.<\/p>\n<p>No centro aeroespacial de Oberpfaffenhofen bem como, desde 2011, tamb\u00e9m em Nuremberg, o ESA Business Incubation Centre (BIC) Bavaria oferece suporte para firmas Start-ups, com a finalidade promover a transfer\u00eancia de\u00a0tecnologia espacial para outras \u00e1reas da economia. Em colabora\u00e7\u00e3o com renomados parceiros, as empresas recebem incentivos por um per\u00edodo de at\u00e9 dois anos.<\/p>\n<p>Parceiros do programa s\u00e3o, al\u00e9m da European Space Agency ESA, o Minist\u00e9rio da Economia da Baviera, o Centro Alem\u00e3o para a ind\u00fastria aeroespacial(DLR), Airbus Defence &amp; Space, o instituto Fraunhofer para circuitos integrados\u00a0(IIS), bem Como a Caixa Econ\u00f4mica regional.regionale Sparkassen.[\/vc_column_text][\/vc_column][\/vc_row][vc_row][vc_column width=&#8221;1\/3&#8243;][vc_single_image image=&#8221;261&#8243; img_size=&#8221;full&#8221; onclick=&#8221;custom_link&#8221; img_link_target=&#8221;_blank&#8221; link=&#8221;https:\/\/www.iis.fraunhofer.de\/&#8221;][\/vc_column][vc_column width=&#8221;2\/3&#8243;][vc_column_text]<\/p>\n<h2>Instituto Fraunhofer para Circuitos Integrados<\/h2>\n<p>Como parte da incuba\u00e7\u00e3o empresarial na ESA temos acesso, atrav\u00e9s do parceiro de tecnologia Fraunhofer IIS, aos resultados de pesquisa com excel\u00eancia global nas \u00e1reas de:<\/p>\n<ul>\n<li>Gest\u00e3o de energia<\/li>\n<li>Sistemas de comunica\u00e7\u00e3o<\/li>\n<li>Localiza\u00e7\u00e3o e<\/li>\n<li>Cadeia de suprimentos.<\/li>\n<\/ul>\n<p>[\/vc_column_text][\/vc_column][\/vc_row][vc_row][vc_column width=&#8221;1\/3&#8243;][vc_single_image image=&#8221;400&#8243; img_size=&#8221;full&#8221; onclick=&#8221;custom_link&#8221; img_link_target=&#8221;_blank&#8221; link=&#8221;http:\/\/www.vw.com.br&#8221;][\/vc_column][vc_column width=&#8221;2\/3&#8243;][vc_column_text]<\/p>\n<h2>Volkswagen AG<\/h2>\n<p>Desenvolvemos para a Volkswagen AG uma plataforma de integra\u00e7\u00e3o para uma manufatura flex\u00edvel. Essa plataforma suporta v\u00e1rios processos de produ\u00e7\u00e3o, em especial os relativos ao apoio aos oper\u00e1rios e \u00e0 garantia da qualidade.<\/p>\n<p>No contexto de projetos de inova\u00e7\u00e3o e pesquisa, a Volkswagen nos fornece tamb\u00e9m a oportunidade de validar os nossos conceitos e produtos em plantas-piloto e, desenvolv\u00ea-los continuo e gradualmente at\u00e9 estarem maduros para serrem introduzidos no mercado.[\/vc_column_text][\/vc_column][\/vc_row][vc_row content_placement=&#8221;middle&#8221;][vc_column][vc_row_inner][vc_column_inner width=&#8221;1\/3&#8243;][vc_single_image image=&#8221;263&#8243; img_size=&#8221;full&#8221; onclick=&#8221;custom_link&#8221; img_link_target=&#8221;_blank&#8221; link=&#8221;https:\/\/bizspark.microsoft.com\/&#8221;][\/vc_column_inner][vc_column_inner width=&#8221;2\/3&#8243;][vc_column_text]<\/p>\n<h2>Microsoft<\/h2>\n<p>Microsoft BizSpark \u00e9 um programa global para apoiar e promover a cria\u00e7\u00e3o de empresas no setor de TI. Atrav\u00e9s do livre acesso a softwares e servi\u00e7os de nuvem, uma grande rede e muitos contactos \u00fateis a Microsoft encoraja fundadores a implementar as suas ideias de neg\u00f3cio. A EULA IT \u00e9 membro do\u00a0BizSpark desde\u00a0janeiro de 2014.[\/vc_column_text][\/vc_column_inner][\/vc_row_inner][\/vc_column][\/vc_row]<\/p>","protected":false},"excerpt":{"rendered":"<p>[vc_row bg_image_repeat=&#8221;cover&#8221; el_class=&#8221;eula-title-section &#8221; bg_images=&#8221;200&#8243;][vc_column][vc_column_text] Parceiros de Coopera\u00e7\u00e3o A nossa coopera\u00e7\u00e3o com parceiros altamente competentes cria sinergias valiosas. [\/vc_column_text][\/vc_column][\/vc_row][vc_row][vc_column width=&#8221;1\/3&#8243;][vc_single_image image=&#8221;403&#8243; img_size=&#8221;full&#8221; onclick=&#8221;custom_link&#8221; img_link_target=&#8221;_blank&#8221; link=&#8221;https:\/\/space-of-innovation.com\/changing-conventional-digitalisation-systems\/&#8221;][\/vc_column][vc_column width=&#8221;2\/3&#8243;][vc_column_text] ESA Business Incubation Como uma startup inovadora com foco na ind\u00fastria 4.0, a EULA IT recebe incentivos da European Space Agency (ESA) e do Minist\u00e9rio da Economia da Baviera.&hellip;<\/p>\n","protected":false},"author":1,"featured_media":0,"parent":0,"menu_order":0,"comment_status":"closed","ping_status":"closed","template":"","meta":[],"_links":{"self":[{"href":"https:\/\/www.eulait.de\/pb\/wp-json\/wp\/v2\/pages\/40"}],"collection":[{"href":"https:\/\/www.eulait.de\/pb\/wp-json\/wp\/v2\/pages"}],"about":[{"href":"https:\/\/www.eulait.de\/pb\/wp-json\/wp\/v2\/types\/page"}],"author":[{"embeddable":true,"href":"https:\/\/www.eulait.de\/pb\/wp-json\/wp\/v2\/users\/1"}],"replies":[{"embeddable":true,"href":"https:\/\/www.eulait.de\/pb\/wp-json\/wp\/v2\/comments?post=40"}],"version-history":[{"count":8,"href":"https:\/\/www.eulait.de\/pb\/wp-json\/wp\/v2\/pages\/40\/revisions"}],"predecessor-version":[{"id":404,"href":"https:\/\/www.eulait.de\/pb\/wp-json\/wp\/v2\/pages\/40\/revisions\/404"}],"wp:attachment":[{"href":"https:\/\/www.eulait.de\/pb\/wp-json\/wp\/v2\/media?parent=40"}],"curies":[{"name":"wp","href":"https:\/\/api.w.org\/{rel}","templated":true}]}}