{"id":2,"date":"2017-03-09T14:01:06","date_gmt":"2017-03-09T14:01:06","guid":{"rendered":"http:\/\/eula-it.net\/?page_id=2"},"modified":"2021-07-28T11:22:18","modified_gmt":"2021-07-28T11:22:18","slug":"eula-it","status":"publish","type":"page","link":"https:\/\/www.eulait.de\/pb\/","title":{"rendered":"EULA IT"},"content":{"rendered":"<p>[vc_row bg_image_repeat=&#8221;cover&#8221; bg_images=&#8221;188&#8243; el_class=&#8221;top-section&#8221;][vc_column][vc_column_text]<\/p>\n<h1 style=\"text-align: center;\">EULA Information Technology<\/h1>\n<h2 style=\"text-align: center;\">Especialistas em integra\u00e7\u00e3o para produ\u00e7\u00e3o em massa de artigos individualizados<\/h2>\n<p>[\/vc_column_text][vc_row_inner][vc_column_inner width=&#8221;1\/3&#8243;][vc_column_text]<\/p>\n<h3>Nosso foco<\/h3>\n<p>A EULA IT GmbH \u00e9 uma desenvolvedora de solu\u00e7\u00f5es de TI e fornecedora de servi\u00e7os de consultoria e gest\u00e3o de projetos. Nosso foco est\u00e1 na implementa\u00e7\u00e3o do conceito de \u201cMass Customization\u201d em manufaturas e prestadoras de servi\u00e7os.[\/vc_column_text][vc_btn title=&#8221;O Time da EULA IT \u2192&#8221; style=&#8221;custom&#8221; custom_background=&#8221;&#8221; custom_text=&#8221;&#8221; el_class=&#8221;eula-read-more&#8221; link=&#8221;url:%2Fpb%2Fdas-team||&#8221;][\/vc_column_inner][vc_column_inner width=&#8221;1\/3&#8243;][vc_column_text]<\/p>\n<h3>Coleta sem fio<\/h3>\n<p>Aprenda como as vantagens de sistemas pick-by-light podem ser complementadas por m\u00f3dulos sem fio e sensores 3-D para confirma\u00e7\u00e3o autom\u00e1tica da sele\u00e7\u00e3o de pe\u00e7as e mercadorias.[\/vc_column_text][vc_btn title=&#8221;PicDuinO<sup>\u00ae<\/sup> \u2192&#8221; style=&#8221;classic&#8221; el_class=&#8221;eula-read-more&#8221; link=&#8221;url:%2Fpb%2Fpicduino%2F||&#8221;][\/vc_column_inner][vc_column_inner width=&#8221;1\/3&#8243;][vc_column_text]<\/p>\n<h3>Plataforma de integra\u00e7\u00e3o<\/h3>\n<p>Nossa plataforma de integra\u00e7\u00e3o apoia a introdu\u00e7\u00e3o e optimiza\u00e7\u00e3o da estrat\u00e9gia de \u201cMass Customization\u201d. Aprenda como a produ\u00e7\u00e3o de artigos individualizados em um ambiente heterog\u00eaneo de TI pode ser alcan\u00e7ada.[\/vc_column_text][vc_btn title=&#8221;Plataforma de integra\u00e7\u00e3o EULA IT \u2192&#8221; style=&#8221;classic&#8221; el_class=&#8221;eula-read-more&#8221; link=&#8221;url:%2Fpb%2Fintegrationsplattform%2F||&#8221;][\/vc_column_inner][\/vc_row_inner][\/vc_column][\/vc_row][vc_row el_class=&#8221;schraege weiss&#8221;][vc_column width=&#8221;1\/2&#8243;][vc_column_text]<\/p>\n<h2>Mass Customization<\/h2>\n<p>Como \u00e9 poss\u00edvel ter lucro com produ\u00e7\u00e3o em massa de artigos customizados? Uma precondi\u00e7\u00e3o \u00e9 a flexibilidade para adaptar, sem provocar dist\u00farbios, a cadeia produtiva.<\/p>\n<p>Como adotar modelos de neg\u00f3cio \u201clong tail\u201d? A digitaliza\u00e7\u00e3o e a cria\u00e7\u00e3o de um ecossistema s\u00e3o condi\u00e7\u00f5es essenciais para viabilizar esse tipo de modelo.<\/p>\n<p>N\u00f3s apoiamos sua empresa com nossa <a title=\"Integrationsplattform\" href=\"\/pb\/integrationsplattform\/\" data-id=\"1066\">Plataforma de Integra\u00e7\u00e3o<\/a> e\u00a0<a title=\"Industrie 4.0\" href=\"\/pb\/beratung-und-entwicklung\/\" data-id=\"1069\">consultoria independente<\/a>.[\/vc_column_text][\/vc_column][vc_column width=&#8221;1\/2&#8243;][vc_column_text]<\/p>\n<h2>Nossas parceiras<\/h2>\n<p>Nossa coopera\u00e7\u00e3o com parceiras altamente competentes cria um efeito sinerg\u00e9tico valioso.[\/vc_column_text][vc_btn title=&#8221;Parceiras de coopera\u00e7\u00e3o da EULA IT \u2192&#8221; style=&#8221;classic&#8221; el_class=&#8221;eula-read-more&#8221; link=&#8221;url:%2Fpb%2Fkooperation||&#8221;][\/vc_column][\/vc_row][vc_row parallax=&#8221;true&#8221; bg_image_repeat=&#8221;cover&#8221; css=&#8221;.vc_custom_1489137488030{padding-top: 300px !important;padding-bottom: 300px !important;}&#8221; bg_images=&#8221;189&#8243;][vc_column][\/vc_column][\/vc_row][vc_row el_class=&#8221;schraeg-top purple&#8221;][vc_column width=&#8221;1\/2&#8243;][vc_column_text]<\/p>\n<h2>Industria 4.0<\/h2>\n<p>N\u00f3s apoiamos sua empresa desde a defini\u00e7\u00e3o do planejamento estrat\u00e9gico, passando pela concep\u00e7\u00e3o, design, realiza\u00e7\u00e3o, desenvolvimento, testes, garantia da qualidade, at\u00e9 o suporte.[\/vc_column_text][vc_btn title=&#8221;Consultoria e desenvolvimento EULA IT \u2192&#8221; style=&#8221;classic&#8221; el_class=&#8221;eula-read-more&#8221; link=&#8221;url:%2Fpb%2Fberatung-und-entwicklung%2F||&#8221;][\/vc_column][vc_column width=&#8221;1\/2&#8243;][vc_column_text]<\/p>\n<h2>Internet of Things<\/h2>\n<p>Internet of Things (IoT ou<em> Internet das Coisas<\/em>) necessita de comunica\u00e7\u00e3o. Sem um eficiente meio de comunica\u00e7\u00e3o, as coisas permanecem apenas meras coisas. N\u00f3s apoiamos sua empresa na sele\u00e7\u00e3o e implementa\u00e7\u00e3o da <a href=\"\/pb\/industrie-4-0-2\/\">solu\u00e7\u00e3o de comunica\u00e7\u00e3o adequada<\/a>.[\/vc_column_text][\/vc_column][\/vc_row][vc_row parallax=&#8221;true&#8221; bg_image_repeat=&#8221;cover&#8221; bg_images=&#8221;200&#8243; el_class=&#8221;whitefont&#8221;][vc_column width=&#8221;1\/2&#8243;][vc_single_image image=&#8221;405&#8243; img_size=&#8221;156&#215;170&#8243;][vc_column_text]<span id=\"Paragraph\">Desde setembro de 2015 a\u00a0<strong>EULA IT<\/strong> \u00e9 uma &#8220;business incubee&#8221; da ESA <\/span><span id=\"Paragraph\">(European Space Agency) BIC Bavaria (Business Incubation Center). a ESA e o Estado Livre da Bav\u00e1ria fornecem apoio financeiro \u2013 atrav\u00e9s do Instituto Fraunhofer para Circuitos Integrados IIS em Nuremberg temos acesso<\/span><span id=\"Paragraph\"> a pesquisas e tecnologias avan\u00e7adas de n\u00edvel internacional nas \u00e1reas de gerenciamento de energia, sistemas de comunica\u00e7\u00e3o, localiza\u00e7\u00e3o e cadeia de suprimento<\/span><span id=\"Paragraph\">.<\/span>[\/vc_column_text][\/vc_column][vc_column width=&#8221;1\/2&#8243;][\/vc_column][\/vc_row]<\/p>","protected":false},"excerpt":{"rendered":"<p>[vc_row bg_image_repeat=&#8221;cover&#8221; bg_images=&#8221;188&#8243; el_class=&#8221;top-section&#8221;][vc_column][vc_column_text] EULA Information Technology Especialistas em integra\u00e7\u00e3o para produ\u00e7\u00e3o em massa de artigos individualizados [\/vc_column_text][vc_row_inner][vc_column_inner width=&#8221;1\/3&#8243;][vc_column_text] Nosso foco A EULA IT GmbH \u00e9 uma desenvolvedora de solu\u00e7\u00f5es de TI e fornecedora de servi\u00e7os de consultoria e gest\u00e3o de projetos. Nosso foco est\u00e1 na implementa\u00e7\u00e3o do conceito de \u201cMass Customization\u201d em manufaturas e&hellip;<\/p>\n","protected":false},"author":1,"featured_media":0,"parent":0,"menu_order":0,"comment_status":"closed","ping_status":"open","template":"page-template-full-width.php","meta":[],"_links":{"self":[{"href":"https:\/\/www.eulait.de\/pb\/wp-json\/wp\/v2\/pages\/2"}],"collection":[{"href":"https:\/\/www.eulait.de\/pb\/wp-json\/wp\/v2\/pages"}],"about":[{"href":"https:\/\/www.eulait.de\/pb\/wp-json\/wp\/v2\/types\/page"}],"author":[{"embeddable":true,"href":"https:\/\/www.eulait.de\/pb\/wp-json\/wp\/v2\/users\/1"}],"replies":[{"embeddable":true,"href":"https:\/\/www.eulait.de\/pb\/wp-json\/wp\/v2\/comments?post=2"}],"version-history":[{"count":28,"href":"https:\/\/www.eulait.de\/pb\/wp-json\/wp\/v2\/pages\/2\/revisions"}],"predecessor-version":[{"id":407,"href":"https:\/\/www.eulait.de\/pb\/wp-json\/wp\/v2\/pages\/2\/revisions\/407"}],"wp:attachment":[{"href":"https:\/\/www.eulait.de\/pb\/wp-json\/wp\/v2\/media?parent=2"}],"curies":[{"name":"wp","href":"https:\/\/api.w.org\/{rel}","templated":true}]}}