{"id":178,"date":"2017-02-02T14:47:59","date_gmt":"2017-02-02T13:47:59","guid":{"rendered":"http:\/\/eula.kollektiv-nuernberg.de\/?page_id=178"},"modified":"2023-11-30T14:56:01","modified_gmt":"2023-11-30T14:56:01","slug":"impressum","status":"publish","type":"page","link":"https:\/\/www.eulait.de\/pb\/impressum","title":{"rendered":"Impressum"},"content":{"rendered":"<p><\/p>\n\n\n<p>[vc_row el_class=&#8221;blue-title-section&#8221;][vc_column][vc_column_text]<\/p>\n<div class=\"blue\">\n<div class=\"container\">\n<div class=\"row clearfix\">\n<div class=\"col-md-12 column\">\n<div>\n<h1 style=\"text-align: center;\">Impressum<\/h1>\n<\/div>\n<\/div>\n<\/div>\n<\/div>\n<\/div>\n<div><\/div>\n<p>[\/vc_column_text][\/vc_column][\/vc_row]<\/p>\n\n\n<p>[vc_row][vc_column][vc_column_text]<\/p>\n<h3>Copyright<\/h3>\n<p>Die Inhalte dieser Website sind urheberrechtlich gesch\u00fctzt. Alle Rechte vorbehalten. Jede Vervielf\u00e4ltigung, Vorf\u00fchrung, Sendung, Vermietung und\/oder Leihe der Website oder einzelner Inhalte ist ohne Einwilligung des Rechteinhabers untersagt und zieht straf- oder zivilrechtliche Folgen nach sich. Alle Rechte bleiben vorbehalten. Der Rechteinhaber beh\u00e4lt sich das Recht vor, jederzeit und ohne vorherige Ank\u00fcndigung Verbesserungen und \u00c4nderungen an der Website oder einzelner Inhalte vorzunehmen.<\/p>\n<h3>Haftungsausschluss<\/h3>\n<p>Obwohl die inhaltliche und grafische Zusammenstellung der Informationen auf den EULA IT Webseiten mit gr\u00f6\u00dfter Sorgfalt erfolgt, kann die EULA IT GmbH keine Gew\u00e4hr f\u00fcr die Korrektheit, Vollst\u00e4ndigkeit und Aktualit\u00e4t der Inhalte \u00fcbernehmen. In keinem Fall kann die EULA IT GmbH f\u00fcr etwaige Sch\u00e4den irgendwelcher Art verantwortlich gemacht werden, die durch die Benutzung oder im Zusammenhang mit der Benutzung, der hier bereitgestellten Informationen entstehen, seien es direkte oder indirekte Sch\u00e4den, Folgesch\u00e4den oder Sondersch\u00e4den einschlie\u00dflich entgangenen Gewinns, oder Sch\u00e4den, die aus dem Verlust von Daten entstehen. Dies gilt selbst dann, wenn ein Vertreter der EULA IT GmbH auf die M\u00f6glichkeit solcher Sch\u00e4den hingewiesen wurde. Wir behalten uns \u00c4nderungen der Informationen auf dieser Webpr\u00e4senz, die wir unverbindlich zur Verf\u00fcgung stellen, ohne vorherige Ank\u00fcndigung vor. Die Website der EULA IT GmbH enth\u00e4lt Links zu externen Webseiten Dritter, auf deren Inhalt die EULA IT GmbH keinen Einfluss hat. Daher \u00fcbernimmt die EULA IT GmbH keine Gew\u00e4hr f\u00fcr die Korrektheit, Vollst\u00e4ndigkeit und Aktualit\u00e4t der Informationen auf den verlinkten Webseiten und schlie\u00dft jegliche Haftung aus. Ausschlie\u00dflich der Anbieter der verlinkten Webseiten ist f\u00fcr deren Inhalte verantwortlich. Die EULA IT GmbH hat zum Zeitpunkt der Verlinkung die verlinkten Webseiten auf m\u00f6gliche Rechtsverst\u00f6\u00dfe hin \u00fcberpr\u00fcft, rechtswidrige Inhalte waren hierbei nicht erkennbar. Eine permanente Inhaltskontrolle der verlinkten Webseiten ist jedoch ohne konkrete Anhaltspunkte einer Rechtsverletzung nicht zumutbar. Im Falle des Bekanntwerdens einer Rechtsverletzung werden betroffene Links umgehend entfernt. Alle auf der EULA IT GmbH Website genannten Marken und Logos sind gesetzlich gesch\u00fctzte Warenzeichen. Alle anderen auf der Website erw\u00e4hnten Produkt- und Firmennamen sind Marken der jeweiligen Eigent\u00fcmer bzw. Hersteller. Copyright \u00a9 2016 EULA IT GmbH. Alle Rechte vorbehalten.<\/p>\n<h3>Verantwortlichkeit<\/h3>\n<p>EULA IT Gesellschaft f\u00fcr Prozessautomatisierung und Systeml\u00f6sung mbH<br \/>\nPaul-Gossen-Stra\u00dfe 75<br \/>\n910252 Erlangen<\/p>\n<p>Telefon (+49) 9131 9111626<br \/>\nE-Mail info@eulait.de<\/p>\n<p>Handelsregister: F\u00fcrth HRB 20132<br \/>\nSitz der Gesellschaft: Langenzenn<\/p>\n<p>Gesch\u00e4ftsf\u00fchrung: Thomas Hetzer, Jo\u00e3o Teixeira Soares[\/vc_column_text][\/vc_column][\/vc_row]<\/p>\n\n\n\n<p><\/p>","protected":false},"excerpt":{"rendered":"[vc_row el_class=\"blue-title-section\"][vc_column][vc_column_text] Impressum [\/vc_column_text][\/vc_column][\/vc_row] [vc_row][vc_column][vc_column_text] Copyright Die Inhalte dieser Website sind urheberrechtlich gesch\u00fctzt. Alle Rechte vorbehalten. Jede Vervielf\u00e4ltigung, Vorf\u00fchrung, Sendung, Vermietung und\/oder Leihe der Website oder einzelner Inhalte ist ohne Einwilligung des Rechteinhabers untersagt und zieht straf- oder zivilrechtliche Folgen nach sich. Alle Rechte bleiben vorbehalten. Der Rechteinhaber beh\u00e4lt sich das Recht vor, jederzeit und&hellip;","protected":false},"author":1,"featured_media":0,"parent":0,"menu_order":0,"comment_status":"closed","ping_status":"closed","template":"","meta":[],"_links":{"self":[{"href":"https:\/\/www.eulait.de\/pb\/wp-json\/wp\/v2\/pages\/178"}],"collection":[{"href":"https:\/\/www.eulait.de\/pb\/wp-json\/wp\/v2\/pages"}],"about":[{"href":"https:\/\/www.eulait.de\/pb\/wp-json\/wp\/v2\/types\/page"}],"author":[{"embeddable":true,"href":"https:\/\/www.eulait.de\/pb\/wp-json\/wp\/v2\/users\/1"}],"replies":[{"embeddable":true,"href":"https:\/\/www.eulait.de\/pb\/wp-json\/wp\/v2\/comments?post=178"}],"version-history":[{"count":20,"href":"https:\/\/www.eulait.de\/pb\/wp-json\/wp\/v2\/pages\/178\/revisions"}],"predecessor-version":[{"id":441,"href":"https:\/\/www.eulait.de\/pb\/wp-json\/wp\/v2\/pages\/178\/revisions\/441"}],"wp:attachment":[{"href":"https:\/\/www.eulait.de\/pb\/wp-json\/wp\/v2\/media?parent=178"}],"curies":[{"name":"wp","href":"https:\/\/api.w.org\/{rel}","templated":true}]}}