{"id":173,"date":"2017-02-02T14:45:03","date_gmt":"2017-02-02T13:45:03","guid":{"rendered":"http:\/\/eula.kollektiv-nuernberg.de\/?page_id=173"},"modified":"2019-03-23T19:58:20","modified_gmt":"2019-03-23T19:58:20","slug":"datenschutz","status":"publish","type":"page","link":"https:\/\/www.eulait.de\/en\/datenschutz","title":{"rendered":"Datenschutz"},"content":{"rendered":"<p>[vc_row el_class=&#8221;blue-title-section&#8221;][vc_column][vc_column_text]<\/p>\n<h1 style=\"text-align: center;\">Datenschutzbestimmungen<\/h1>\n<p>[\/vc_column_text][\/vc_column][\/vc_row][vc_row][vc_column][vc_column_text]<\/p>\n<h3>Geltungsbereich<\/h3>\n<p>Als verantwortlicher Anbieter ist uns der Schutz Ihrer pers\u00f6nlichen Daten sehr wichtig. Diese Erkl\u00e4rung zum Datenschutz informiert Sie \u00fcber Umfang, Art und Zwecke einer Erhebung, Nutzung und Verarbeitung personenbezogener Daten durch uns auf dieser Website (nachfolgend \u201eAngebot\u201c). Selbstverst\u00e4ndlich beachten wir dabei die rechtlichen Datenschutzbestimmungen insb. von Bundesdatenschutzgesetz (BDSG) und Telemediengesetz (TMG).<\/p>\n<p>&nbsp;<\/p>\n<h3>Gegenstand des Datenschutzes<\/h3>\n<p>Der Datenschutz hat personenbezogene Daten zum Gegenstand. Bei personenbezogenen Daten handelt es sich um Informationen \u00fcber pers\u00f6nliche und sachliche Verh\u00e4ltnisse einer bestimmten oder bestimmbaren nat\u00fcrlichen Person (bspw. Name, Anschrift, Telefonnummer, evtl. aber auch Nutzungsdaten wie die IP-Adresse).<\/p>\n<p>&nbsp;<\/p>\n<h3>Erhebung, Verarbeitung und Nutzung von Nutzungsdaten<\/h3>\n<p>Bei jedem Zugriff auf unser Angebot erheben wir Daten, die in sog. Serverlogdateien gespeichert werden. Zu diesen Daten geh\u00f6ren:<\/p>\n<ul>\n<li>Datum und Uhrzeit des Zugriffs<\/li>\n<li>Namen aufgerufener Webseiten<\/li>\n<li>Namen heruntergeladener Dateien<\/li>\n<li>\u00dcbertragene Datenmenge<\/li>\n<li>Statuscode des Zugriffs (erfolgreich\/fehlerhaft)<\/li>\n<li>Verwendete Browserart und \u2013version<\/li>\n<li>Betriebssystem des Nutzers<\/li>\n<li>URL der Webseite, von der aus unser Angebot aufgerufen wurde<\/li>\n<li>IP-Adresse des aufrufenden Computers<\/li>\n<li>Provider, \u00fcber den der Zugriff erfolgt<\/li>\n<\/ul>\n<p>Wir werten diese Protokolldaten ausschlie\u00dflich zu Zwecken des Betriebs, der Sicherheit sowie der Optimierung des Angebots anhand von anonymisierten\/pseudonymisierten Nutzungsprofilen aus. Die Daten werden nicht dazu verwendet, Sie pers\u00f6nlich zu identifizieren und werden nicht mit personenbezogenen Daten (bspw. aus Kontaktanfragen) zusammengef\u00fchrt. Sofern jedoch konkrete Anhaltspunkte zum berechtigten Verdacht einer rechtswidrigen Nutzung des Angebots f\u00fchren, behalten wir uns vor, die protokollierten Daten nachtr\u00e4glich zu \u00fcberpr\u00fcfen. Die Serverlogdateien werden nach Ablauf eines Jahres automatisch gel\u00f6scht.<\/p>\n<p>&nbsp;<\/p>\n<h3>Umfang von Datenerhebung, -verarbeitung und \u2013Nutzung<\/h3>\n<p>Grunds\u00e4tzlich ist die Nutzung unseres Angebots ohne Angabe von personenbezogenen Daten m\u00f6glich. Sofern Sie jedoch mit uns Kontakt aufnehmen (bspw. \u00fcber im Angebot enthaltene Kontaktformulare oder per E-Mail), werden Ihre Angaben zu Zwecken der Anfragenbearbeitung und Kommunikation gespeichert. Falls Sie uns mit der Erbringung einer Dienstleistung beauftragen, erheben und speichern wir Ihre pers\u00f6nlichen Daten grunds\u00e4tzlich nur, soweit es f\u00fcr die Erbringung der Dienstleistung erforderlich ist. Dazu kann es notwendig sein, Ihre pers\u00f6nlichen Daten an Unternehmen weiterzugeben, die wir zur Erbringung der Dienstleistung einsetzen. Nach vollst\u00e4ndiger Vertragsabwicklung werden Ihre Daten gesperrt und nach Ablauf der steuer- und handelsrechtlichen Vorschriften gel\u00f6scht, sofern Sie einer dar\u00fcber hinausgehenden Datenverwendung nicht ausdr\u00fccklich zugestimmt haben.<\/p>\n<p>&nbsp;<\/p>\n<h3>Zweckgebundene Verwendung von Daten<\/h3>\n<p>Wir erheben, verarbeiten und nutzen Ihre personenbezogenen Daten nur f\u00fcr diejenigen Zwecke, f\u00fcr die Sie uns die Daten \u00fcbermittelt haben. Eine Weitergabe Ihrer pers\u00f6nlichen Daten an Dritte erfolgt nicht, es sei denn, Sie haben ausdr\u00fccklich eingewilligt oder es ist zur Erbringung der Dienstleistung oder zur Vertragsdurchf\u00fchrung notwendig. Staatliche Institutionen und Beh\u00f6rden erhalten Auskunft nur im Rahmen der gesetzlichen Auskunftspflichten oder auf Grundlage einer gerichtlichen Anordnung.<\/p>\n<p>&nbsp;<\/p>\n<h3>Recht auf Auskunft, Berichtigung, L\u00f6schung, Sperrung und Widerruf<\/h3>\n<p>Auf Antrag erhalten Sie kostenfrei ohne Angabe von Gr\u00fcnden Auskunft \u00fcber Art und Umfang Ihrer bei uns gespeicherten personenbezogenen Daten. Des Weiteren k\u00f6nnen Sie unrichtige Daten berichtigen sowie Ihre Daten f\u00fcr eine weitere Verwendung sperren oder l\u00f6schen lassen, soweit dem keine gesetzliche Aufbewahrungspflicht entgegensteht. Auch k\u00f6nnen Sie jederzeit die uns erteilte Einwilligung zur Datenerhebung, -verarbeitung und \u2013nutzung ohne Angabe von Gr\u00fcnden widerrufen. Bitte wenden Sie sich in jedem der vorgenannten F\u00e4lle an folgende E-Mail-Adresse datenschutz@eulait.de.[\/vc_column_text][\/vc_column][\/vc_row] <\/p>","protected":false},"excerpt":{"rendered":"<p>[vc_row el_class=&#8221;blue-title-section&#8221;][vc_column][vc_column_text] Datenschutzbestimmungen [\/vc_column_text][\/vc_column][\/vc_row][vc_row][vc_column][vc_column_text] Geltungsbereich Als verantwortlicher Anbieter ist uns der Schutz Ihrer pers\u00f6nlichen Daten sehr wichtig. Diese Erkl\u00e4rung zum Datenschutz informiert Sie \u00fcber Umfang, Art und Zwecke einer Erhebung, Nutzung und Verarbeitung personenbezogener Daten durch uns auf dieser Website (nachfolgend \u201eAngebot\u201c). Selbstverst\u00e4ndlich beachten wir dabei die rechtlichen Datenschutzbestimmungen insb. von Bundesdatenschutzgesetz (BDSG) und Telemediengesetz&hellip;<\/p>\n","protected":false},"author":1,"featured_media":0,"parent":0,"menu_order":0,"comment_status":"closed","ping_status":"closed","template":"","meta":[],"_links":{"self":[{"href":"https:\/\/www.eulait.de\/en\/wp-json\/wp\/v2\/pages\/173"}],"collection":[{"href":"https:\/\/www.eulait.de\/en\/wp-json\/wp\/v2\/pages"}],"about":[{"href":"https:\/\/www.eulait.de\/en\/wp-json\/wp\/v2\/types\/page"}],"author":[{"embeddable":true,"href":"https:\/\/www.eulait.de\/en\/wp-json\/wp\/v2\/users\/1"}],"replies":[{"embeddable":true,"href":"https:\/\/www.eulait.de\/en\/wp-json\/wp\/v2\/comments?post=173"}],"version-history":[{"count":1,"href":"https:\/\/www.eulait.de\/en\/wp-json\/wp\/v2\/pages\/173\/revisions"}],"predecessor-version":[{"id":377,"href":"https:\/\/www.eulait.de\/en\/wp-json\/wp\/v2\/pages\/173\/revisions\/377"}],"wp:attachment":[{"href":"https:\/\/www.eulait.de\/en\/wp-json\/wp\/v2\/media?parent=173"}],"curies":[{"name":"wp","href":"https:\/\/api.w.org\/{rel}","templated":true}]}}